{"id":87,"date":"2014-03-14T13:46:16","date_gmt":"2014-03-14T17:46:16","guid":{"rendered":"http:\/\/www.eastcharlottedental.com\/?page_id=87"},"modified":"2015-01-26T17:34:49","modified_gmt":"2015-01-26T22:34:49","slug":"preguntas-frecuentes","status":"publish","type":"page","link":"https:\/\/www.eastcharlottedental.com\/es\/preguntas-frecuentes\/","title":{"rendered":"Preguntas Frecuentes"},"content":{"rendered":"<h3>No me gusta ir al dentista. \u00bfHay algo que pueden darme para relajarme?<\/h3>\n<p>Muchos se sienten inc\u00f3modos ir al dentista. En East Charlotte Dental, su comodidad es primordial. Nuestro equipo tomara tiempo para contestar sus preguntas y ayudarle sentirse c\u00f3modo, as\u00ed disfrutara de una cita placentera. Para quienes lo necesiten, oxido nitroso o gas hilarante, esta disponible.<\/p>\n<h3>Cepillo mis dientes todos los d\u00edas, pero todav\u00eda tengo mal aliento. \u00bfHay algo que puedo hacer?<\/h3>\n<p>Millones luchan con halitosis, o mal aliento, a pesar de cepillarse. La siguiente lista son varios procedimientos que pueden eliminar el problema: cepillarse dos veces al d\u00eda, usar hilo dental diariamente y limpiar la lengua, limpieza profesional regularmente y cuidadosa limpieza de dentaduras\/parciales.<\/p>\n<p>Primero, recomendamos un instrumento pl\u00e1stico, llamado raspador de lengua, lo cual remueve la bacteria y dr\u00e1sticamente reduce el olor y peste. Sino, tambi\u00e9n podemos recomendar un enjuague especialmente preparado o pasta de diente dise\u00f1ado para romper las mol\u00e9culas de azufre que causan mal aliento. Finalmente, si sospechamos un problema sistem\u00e1tico interno como una infecci\u00f3n le recomendaremos una vista con su doctor m\u00e9dico\/especialista para identificar la causa de su mal aliento.<\/p>\n<h3>Estoy consciente que necesito radiograf\u00edas pero prefiero no ser expuesto a radiaci\u00f3n. \u00bfOfrecen radiograf\u00edas digitales?<\/h3>\n<p>Si, ofrecemos radiograf\u00edas digitales. Requieren menos radiaci\u00f3n y son mas seguras para usted que radiograf\u00edas tradicionales. Se dar\u00e1 cuenta de que en nuestro consultorio investigamos lo mas moderno de la tecnolog\u00eda dental para encontrar soluciones que promueven su salud, seguridad, y comodidad.<\/p>\n<h3>\u00bfComo ayudan a mis dientes el fluorido?<\/h3>\n<p>Estudios demuestran que el fluorido disminuye caries en ninos como en adultos parando la decadencia dental. Tambi\u00e9n, asiste en reparar las etapas iniciales de decadencia dental antes de que sea visible. Lo interesante es que muchos est\u00e1n mal informados en cuanto al fluorido. El fluorido es un componente qu\u00edmico seguro cuando es usado de la forma correcta. Cuando su dentista aplica el fluorido a sus dientes, lo aplica en forma de barniz, gel o espuma. Este fluorido es mas concentrado que el fluorido encontrado en pastas de diente y enjuagues dentales de casa. La agencia ADA recomienda que cualquier dentista que use fluorido de barniz, gel o espuma sea del calibre profesional. Use solo los fluoridos con el sello de aprobaci\u00f3n del ADA.<\/p>\n<h3>Mis enc\u00edas sangran despu\u00e9s de cepillarme los dientes. \u00bfEs esto algo por lo cual preocuparme?<\/h3>\n<p>Ciertamente, no es algo deseable tener sangrado de sus enc\u00edas despu\u00e9s de cepillarse los dientes. Sin embargo, puede ser que requiera o no atenci\u00f3n ,dependiendo del ra\u00edz del problema. El sangrado de enc\u00edas puede ser causa de los siguientes problemas: cepill\u00e1ndose de forma incorrecta o brusca en vez de cuidadosamente y suave; Acumulaci\u00f3n de sarro o placa debajo de la linea de enc\u00edas; Enc\u00edas sensitivos debido a gingivitis o enfermedad periodontal. Si este problema persiste a pesar de cepillarse\/usar el hilo dental correctamente contactenos para hacer una cita de evaluaci\u00f3n.<\/p>\n<h3>Mis enc\u00edas sangran. \u00bfPor que sucede esto?<\/h3>\n<p>Enc\u00edas afectados por enfermedad periodontal se vuelven rojas e inflamadas. Con frecuencia, pueden sangrar al cepillarse o usar el hilo dental. Tratamiento a tiempo puede retroceder el avance de esta condici\u00f3n. No obstante, si estas condiciones se ignoran su enfermedad periodontal podr\u00eda empeorar, convirti\u00e9ndose en periodontitis, una condici\u00f3n muchas mas dif\u00edcil de tratar.<\/p>\n<h3>\u00bfQue es enfermedad periodontal?<\/h3>\n<p>Periodontitis afecta sus enc\u00edas, hueso y dientes de manera que no puede ser invertido. Para prevenir perdida dental se puede requerir tratamiento mas especializado y extenso de su dentista o hasta un periodontista. Si se deja sin tratar, periodontitis resulta en la perdida de sus dientes &#8211; se caen solos o tienen que ser extra\u00eddos. Si no se trata el periodontitis en sus etapas iniciales, podr\u00e1 requerir cirug\u00eda extenso para salvar sus dientes y podr\u00eda ponerse a riesgo de otros problemas serios de salud.<\/p>\n<p>De acuerdo con el Caesy Dental Education, &#8220;Enfermedades asociados con la enfermedad periodontal incluyen complicaciones respiratorios, neumonitis, derrames cerebrales, ulceras, diabetes severo, bebes de peso bajo al nacer, y endocarditis, una infecci\u00f3n peligrosa de las v\u00e1lvulas del coraz\u00f3n. Investigadores recientemente descubrieron que esta infecci\u00f3n oral cr\u00f3nica crea un conducto para la bacteria del placa se introduzca en el flujo sangu\u00edneo\/circulatorio. La bacteria-Estreptococos Sanguis-puede crear co\u00e1gulos de sangre que bloquean las arterias y aun provocar un ataque de coraz\u00f3n.&#8221;<\/p>\n<h3>\u00bfComo es que los sellantes protegen los dientes?<\/h3>\n<p>Un sellante es un material pl\u00e1stico aplicado usualmente a las superficies de masticar de los dientes posteriores\/de atr\u00e1s- muelas y bic\u00faspides. Este resino pl\u00e1stico se adhiere a las depresiones y surcos de las superficies de masticar de los dientes de atr\u00e1s. El sellante act\u00faa como barrera , protegiendo el esmalte de placa y \u00e1cidos mientras guarda de bacterias causantes de la enfermedad.<\/p>\n<p>Cepillarse y el uso del hilo dental cabal ayudara remover part\u00edculas de comida y placa de las superficies lisas de los dientes. No obstante, cerdas del cepillo no pueden alcanzar hasta las depresiones y surcos para sacar comida y placa eficazmente. Los sellantes protegen estas \u00e1reas vulnerables al \u201csellar fuera\u201d la placa y comida.<\/p>\n<h3>A veces cuando mastico siento un dolor agudo. \u00bfQue puedo hacer para corregir esto?<\/h3>\n<p>La mayor\u00eda de dolores dentales provocados por masticar son causados por una fractura en el diente. A veces, el dolor se puede remediar con una corona. Sin embargo, un diente fracturado puede ser un serio problema y requiera tratamientos adicionales para corregirlo. Querr\u00e1 corregir el dolor lo mas antes posible para prevenir da\u00f1o adicional al diente. Contactenos hoy para hacer su cita.<\/p>\n<h3>\u00bfOfrecen blanqueamiento en su consultorio?<\/h3>\n<p>Si esta satisfecho con la alineaci\u00f3n y espacio de sus dientes, un procedimiento de blanqueamiento puede ser lo \u00fanico que lo separa de una sonrisa blanca y brillante. El blanqueamiento dental es seguro, eficaz, y duradero.<\/p>\n<p>Su kit personalizado de blanqueamiento en casa incluye una f\u00e9rula hecho a medida para sus dientes. Adem\u00e1s, recibe gel blanqueador recetado, que es introducido en la f\u00e9rula antes de pon\u00e9rselo. Su dentista de East Charlotte Dental le proveer\u00e1 instrucciones detalladas sobre cuanto tiempo deber\u00eda ponerse la f\u00e9rula cada d\u00eda. Debe esperar que el proceso de blanqueamiento tome entre dos a cuatro semanas, dej\u00e1ndole con una sonrisa radiante.<\/p>\n<h3>\u00bfCuales son las edades de pacientes que ven en su consultorio?<\/h3>\n<p>Nos alegramos de ver\/tratar pacientes de todas edades, de ni\u00f1os peque\u00f1os a abuelos. A veces, para los ni\u00f1os peque\u00f1os que requieren mucho tratamiento dental, podr\u00edamos recomendar un especialista pedi\u00e1trica.<\/p>\n<p><\/p>","protected":false},"excerpt":{"rendered":"<p>No me gusta ir al dentista. \u00bfHay algo que pueden darme para relajarme? Muchos se sienten inc\u00f3modos ir al dentista. En East Charlotte Dental, su comodidad es primordial. Nuestro equipo tomara tiempo para contestar sus preguntas y ayudarle sentirse c\u00f3modo, as\u00ed disfrutara de una cita placentera. Para quienes lo necesiten, oxido nitroso o gas hilarante,&#8230;  <a class=\"excerpt-read-more\" href=\"https:\/\/www.eastcharlottedental.com\/es\/preguntas-frecuentes\/\" title=\"ReadPreguntas Frecuentes\">Read more &raquo;<\/a><\/p>\n","protected":false},"author":1,"featured_media":0,"parent":0,"menu_order":1,"comment_status":"closed","ping_status":"closed","template":"page-default.php","meta":{"footnotes":""},"class_list":["post-87","page","type-page","status-publish","hentry"],"_links":{"self":[{"href":"https:\/\/www.eastcharlottedental.com\/es\/wp-json\/wp\/v2\/pages\/87\/"}],"collection":[{"href":"https:\/\/www.eastcharlottedental.com\/es\/wp-json\/wp\/v2\/pages\/"}],"about":[{"href":"https:\/\/www.eastcharlottedental.com\/es\/wp-json\/wp\/v2\/types\/page\/"}],"author":[{"embeddable":true,"href":"https:\/\/www.eastcharlottedental.com\/es\/wp-json\/wp\/v2\/users\/1\/"}],"replies":[{"embeddable":true,"href":"https:\/\/www.eastcharlottedental.com\/es\/wp-json\/wp\/v2\/comments\/?post=87"}],"version-history":[{"count":5,"href":"https:\/\/www.eastcharlottedental.com\/es\/wp-json\/wp\/v2\/pages\/87\/revisions\/"}],"predecessor-version":[{"id":284,"href":"https:\/\/www.eastcharlottedental.com\/es\/wp-json\/wp\/v2\/pages\/87\/revisions\/284\/"}],"wp:attachment":[{"href":"https:\/\/www.eastcharlottedental.com\/es\/wp-json\/wp\/v2\/media\/?parent=87"}],"curies":[{"name":"wp","href":"https:\/\/api.w.org\/{rel}","templated":true}]}}