{"id":85,"date":"2014-03-14T13:45:38","date_gmt":"2014-03-14T17:45:38","guid":{"rendered":"http:\/\/www.eastcharlottedental.com\/?page_id=85"},"modified":"2015-01-26T17:38:03","modified_gmt":"2015-01-26T22:38:03","slug":"pacientes-nuevos","status":"publish","type":"page","link":"https:\/\/www.eastcharlottedental.com\/es\/pacientes-nuevos\/","title":{"rendered":"Pacientes Nuevos"},"content":{"rendered":"<h2>\u00bfQue puedo esperar en mi visita inicial?<\/h2>\n<p>Al llegar, se le pedir\u00e1 llenar un formulario de su historial de salud dental y general. Este formulario esta disponible en-linea si gustar\u00eda llenarlo de antemano. Su salud dental\/oral sera evaluado con una evaluaci\u00f3n oral completa. Adem\u00e1s tomaremos radiograf\u00edas digitales de sus dientes para identificar \u00e1reas de inter\u00e9s\/preocupaci\u00f3n. Nuestra meta siempre sera preservar gran parte de sus dientes que sea posible al detectar caries en sus etapas iniciales.<\/p>\n<h2>\u00bfQue necesito traer o preparar antes de mi visita?<\/h2>\n<ul>\n<li>Lista de medicamentos que toma y avisar al personal de cualquier alergia.<\/li>\n<li>Formularios m\u00e9dicos completados<\/li>\n<li>Tarjeta de aseguranza<\/li>\n<\/ul>\n<h2>Considere mencionar estos temas durante su visita:<\/h2>\n<ul>\n<li>Cualquier preocupaci\u00f3n y\/o dolor de sus dientes<\/li>\n<li>Sus metas con su sonrisa, dientes, y enc\u00edas<\/li>\n<li>Planes futuros para tratamiento<\/li>\n<\/ul>\n<h2>\u00bfQue necesito preparar si traigo mi hijo(a) por primera vez?<\/h2>\n<p>Cualquier ni\u00f1o menos de 18 anos tiene que ser acompa\u00f1ado por un padre\/guardi\u00e1n. Necesitara completar la registracion de paciente para su hijo(a), que se puede llenar de antemano o cuando llegue al consultorio. Es un esfuerzo de grupo con  nuestro personal y el padre\/guardi\u00e1n al hacer la visita del ni\u00f1o(a) lo mas placentero posible.<\/p>\n<h2>Opciones de Pago<\/h2>\n<p>East Charlotte Dental se dedica a ayudarle adquirir una sonrisa saludable e  hermosa que desea y merece. Ofrecemos estos planes de pago:<\/p>\n<ul>\n<li>Las aseguranzas principales incluyendo  Blue Cross Blue Shield, Cigna, Aetna, Delta, NC Health Choice y Medicaid<\/li>\n<li>Efectivo<\/li>\n<\/ul>\n<p><\/p>","protected":false},"excerpt":{"rendered":"<p>\u00bfQue puedo esperar en mi visita inicial? Al llegar, se le pedir\u00e1 llenar un formulario de su historial de salud dental y general. Este formulario esta disponible en-linea si gustar\u00eda llenarlo de antemano. Su salud dental\/oral sera evaluado con una evaluaci\u00f3n oral completa. Adem\u00e1s tomaremos radiograf\u00edas digitales de sus dientes para identificar \u00e1reas de inter\u00e9s\/preocupaci\u00f3n&#8230;.  <a class=\"excerpt-read-more\" href=\"https:\/\/www.eastcharlottedental.com\/es\/pacientes-nuevos\/\" title=\"ReadPacientes Nuevos\">Read more &raquo;<\/a><\/p>\n","protected":false},"author":1,"featured_media":0,"parent":0,"menu_order":3,"comment_status":"closed","ping_status":"closed","template":"page-default.php","meta":{"footnotes":""},"class_list":["post-85","page","type-page","status-publish","hentry"],"_links":{"self":[{"href":"https:\/\/www.eastcharlottedental.com\/es\/wp-json\/wp\/v2\/pages\/85\/"}],"collection":[{"href":"https:\/\/www.eastcharlottedental.com\/es\/wp-json\/wp\/v2\/pages\/"}],"about":[{"href":"https:\/\/www.eastcharlottedental.com\/es\/wp-json\/wp\/v2\/types\/page\/"}],"author":[{"embeddable":true,"href":"https:\/\/www.eastcharlottedental.com\/es\/wp-json\/wp\/v2\/users\/1\/"}],"replies":[{"embeddable":true,"href":"https:\/\/www.eastcharlottedental.com\/es\/wp-json\/wp\/v2\/comments\/?post=85"}],"version-history":[{"count":4,"href":"https:\/\/www.eastcharlottedental.com\/es\/wp-json\/wp\/v2\/pages\/85\/revisions\/"}],"predecessor-version":[{"id":288,"href":"https:\/\/www.eastcharlottedental.com\/es\/wp-json\/wp\/v2\/pages\/85\/revisions\/288\/"}],"wp:attachment":[{"href":"https:\/\/www.eastcharlottedental.com\/es\/wp-json\/wp\/v2\/media\/?parent=85"}],"curies":[{"name":"wp","href":"https:\/\/api.w.org\/{rel}","templated":true}]}}