{"id":30,"date":"2014-03-05T10:24:25","date_gmt":"2014-03-05T15:24:25","guid":{"rendered":"http:\/\/www.eastcharlottedental.com\/?page_id=30"},"modified":"2015-06-03T15:56:18","modified_gmt":"2015-06-03T19:56:18","slug":"inicio","status":"publish","type":"page","link":"https:\/\/www.eastcharlottedental.com\/es\/inicio\/","title":{"rendered":"Bienvenidos a East Charlotte Dental"},"content":{"rendered":"<p>Cuando entra a East Charlotte Dental uno se siente como si entrara a un hogar lleno de amigos. No es una oficina de odontolog\u00eda ordinario. Aqu\u00ed uno experimentara una diferente clase de odontolog\u00eda, donde su comodidad es primordial.<\/p>\n<h2>Compasi\u00f3n, Calidad, y Cuidado Especial<\/h2>\n<p>Usted y su familia merecen nada menos. Desde su visita inicial, tendr\u00e1 un equipo capacitado que escucha a sus sue\u00f1os y metas para su sonrisa, y le ayudaran lograrlo con cuidado personalizado. Con tecnolog\u00eda moderna, como radiograf\u00edas digitales, y un equipo dedicado a educaci\u00f3n continua, vera resultados atractivos.<\/p>\n<p><a title=\"Llame hoy\" href=\"http:\/\/www.eastcharlottedental.com\/es\/contactenos\/\">Llame hoy<\/a> y haga una cita para su evaluaci\u00f3n inicial. <a title=\"Nuestros Doctores\" href=\"http:\/\/www.eastcharlottedental.com\/es\/doctores\/\">Nuestros Doctores<\/a> est\u00e1n ansiosos de conocerle y contestar sus preguntas de su salud y opciones de tratamiento. Juntos, determinaran el cuidado que sea correcto para usted, cuidado que le dejara sonriendo!<\/p>\n<p><\/p>","protected":false},"excerpt":{"rendered":"<p>Cuando entra a East Charlotte Dental uno se siente como si entrara a un hogar lleno de amigos. No es una oficina de odontolog\u00eda ordinario. Aqu\u00ed uno experimentara una diferente clase de odontolog\u00eda, donde su comodidad es primordial. Compasi\u00f3n, Calidad, y Cuidado Especial Usted y su familia merecen nada menos. Desde su visita inicial, tendr\u00e1&#8230;  <a class=\"excerpt-read-more\" href=\"https:\/\/www.eastcharlottedental.com\/es\/inicio\/\" title=\"ReadBienvenidos a East Charlotte Dental\">Read more &raquo;<\/a><\/p>\n","protected":false},"author":1,"featured_media":0,"parent":0,"menu_order":0,"comment_status":"closed","ping_status":"closed","template":"page-custom-home.php","meta":{"footnotes":""},"class_list":["post-30","page","type-page","status-publish","hentry"],"_links":{"self":[{"href":"https:\/\/www.eastcharlottedental.com\/es\/wp-json\/wp\/v2\/pages\/30\/"}],"collection":[{"href":"https:\/\/www.eastcharlottedental.com\/es\/wp-json\/wp\/v2\/pages\/"}],"about":[{"href":"https:\/\/www.eastcharlottedental.com\/es\/wp-json\/wp\/v2\/types\/page\/"}],"author":[{"embeddable":true,"href":"https:\/\/www.eastcharlottedental.com\/es\/wp-json\/wp\/v2\/users\/1\/"}],"replies":[{"embeddable":true,"href":"https:\/\/www.eastcharlottedental.com\/es\/wp-json\/wp\/v2\/comments\/?post=30"}],"version-history":[{"count":5,"href":"https:\/\/www.eastcharlottedental.com\/es\/wp-json\/wp\/v2\/pages\/30\/revisions\/"}],"predecessor-version":[{"id":295,"href":"https:\/\/www.eastcharlottedental.com\/es\/wp-json\/wp\/v2\/pages\/30\/revisions\/295\/"}],"wp:attachment":[{"href":"https:\/\/www.eastcharlottedental.com\/es\/wp-json\/wp\/v2\/media\/?parent=30"}],"curies":[{"name":"wp","href":"https:\/\/api.w.org\/{rel}","templated":true}]}}