{"id":180,"date":"2014-03-31T10:33:01","date_gmt":"2014-03-31T14:33:01","guid":{"rendered":"http:\/\/www.eastcharlottedental.com\/?page_id=180"},"modified":"2015-01-26T17:36:29","modified_gmt":"2015-01-26T22:36:29","slug":"tecnologia-dental","status":"publish","type":"page","link":"https:\/\/www.eastcharlottedental.com\/es\/servicios\/tecnologia-dental\/","title":{"rendered":"Tecnolog\u00eda Dental"},"content":{"rendered":"<p>Su experiencia agradable depende de su comodidad e seguridad. Investigamos lo ultimo en tecnolog\u00eda para buscar soluciones que promuevan su salud general, seguridad y comodidad. Al hacerlo, aseguramos su satisfacci\u00f3n y salud excelente continua.<\/p>\n<h2>Gr\u00e1ficos Computarizados Sin Papel<\/h2>\n<p><a name=\"gr\u00e1ficos-computarizados\"><\/a>Hojas Clinicas digitalizadas permite una comunicacion continua tanto entre nuestros doctores y personal como otros proveedores de cuidado de salud. Ademas nos permite comunicar mas rapido con las companias de aseguranzas.<\/p>\n<h2>Rayos X Digital<\/h2>\n<p><a name=\"rayos-x-digital\"><\/a>Radiograf\u00edas digitales son un avance tecnol\u00f3gico que disminuye la exposici\u00f3n de radiaci\u00f3n al paciente y resulta en una imagen casi instant\u00e1nea para nuestro equipo. A diferencia de las radiograf\u00edas tradicionales en film, las radiograf\u00edas digitales a menudo revelan mas detalle y pueden ser almacenadas en nuestro sistema inform\u00e1tico para comparaci\u00f3n y futura referencia. Apreciara una visita c\u00f3moda con menos tiempo de espera y tratamiento r\u00e1pido.<\/p>\n<p><\/p>","protected":false},"excerpt":{"rendered":"<p>Su experiencia agradable depende de su comodidad e seguridad. Investigamos lo ultimo en tecnolog\u00eda para buscar soluciones que promuevan su salud general, seguridad y comodidad. Al hacerlo, aseguramos su satisfacci\u00f3n y salud excelente continua. Gr\u00e1ficos Computarizados Sin Papel Hojas Clinicas digitalizadas permite una comunicacion continua tanto entre nuestros doctores y personal como otros proveedores de&#8230;  <a class=\"excerpt-read-more\" href=\"https:\/\/www.eastcharlottedental.com\/es\/servicios\/tecnologia-dental\/\" title=\"ReadTecnolog\u00eda Dental\">Read more &raquo;<\/a><\/p>\n","protected":false},"author":1,"featured_media":0,"parent":83,"menu_order":0,"comment_status":"closed","ping_status":"closed","template":"page-default.php","meta":{"footnotes":""},"class_list":["post-180","page","type-page","status-publish","hentry"],"_links":{"self":[{"href":"https:\/\/www.eastcharlottedental.com\/es\/wp-json\/wp\/v2\/pages\/180\/"}],"collection":[{"href":"https:\/\/www.eastcharlottedental.com\/es\/wp-json\/wp\/v2\/pages\/"}],"about":[{"href":"https:\/\/www.eastcharlottedental.com\/es\/wp-json\/wp\/v2\/types\/page\/"}],"author":[{"embeddable":true,"href":"https:\/\/www.eastcharlottedental.com\/es\/wp-json\/wp\/v2\/users\/1\/"}],"replies":[{"embeddable":true,"href":"https:\/\/www.eastcharlottedental.com\/es\/wp-json\/wp\/v2\/comments\/?post=180"}],"version-history":[{"count":2,"href":"https:\/\/www.eastcharlottedental.com\/es\/wp-json\/wp\/v2\/pages\/180\/revisions\/"}],"predecessor-version":[{"id":220,"href":"https:\/\/www.eastcharlottedental.com\/es\/wp-json\/wp\/v2\/pages\/180\/revisions\/220\/"}],"up":[{"embeddable":true,"href":"https:\/\/www.eastcharlottedental.com\/es\/wp-json\/wp\/v2\/pages\/83\/"}],"wp:attachment":[{"href":"https:\/\/www.eastcharlottedental.com\/es\/wp-json\/wp\/v2\/media\/?parent=180"}],"curies":[{"name":"wp","href":"https:\/\/api.w.org\/{rel}","templated":true}]}}