{"id":175,"date":"2014-03-31T10:27:44","date_gmt":"2014-03-31T14:27:44","guid":{"rendered":"http:\/\/www.eastcharlottedental.com\/?page_id=175"},"modified":"2015-01-26T17:37:39","modified_gmt":"2015-01-26T22:37:39","slug":"servicios-restauracion-dental","status":"publish","type":"page","link":"https:\/\/www.eastcharlottedental.com\/es\/servicios\/servicios-restauracion-dental\/","title":{"rendered":"Servicios de Restauraci\u00f3n Dental"},"content":{"rendered":"<p>Puede ser que ahora su sonrisa no sea tan brillante como uno quisiera. Tras anos de desgaste, heridas, o descuido la apariencia y funci\u00f3n de sus dientes pueden da\u00f1arse. Su equipo de East Charlotte Dental cambia vidas cada d\u00eda mediante odontolog\u00eda restaurativa. Perm\u00edtenos rejuvenecer su sonrisa hoy!<\/p>\n<h2>Rellenos Cosm\u00e9ticos<\/h2>\n<p><a name=\"rellenos-cosm\u00e9ticos\"><\/a>Cuando la carie es removido del diente , es reemplazado con material de \u201crelleno\u201d. Con avances en odontolog\u00eda, usted ahora puede tener rellenos del color de sus dientes en vez de rellenos de plata. Con estos rellenos, sus dientes parecen que nunca han sido rellenados.<\/p>\n<h2>Coronas<\/h2>\n<p><a name=\"coronas\"><\/a>Durante su vida, sus dientes son sometidos a tremendo desgaste. Pueden manifestar ese desgaste de varias maneras incluyendo descoloramiento, agrietamiento, y dientes quebrados. Las coronas puede restablecer sus dientes y darle su sonrisa brillante de nuevo. <\/p>\n<p>Coronas porcelanas o del color del diente pueden ser igualados al tono\/color de sus dem\u00e1s dientes. Coronas tambi\u00e9n pueden ser hechas de metal precioso , como el oro.  Tras preparar su diente, la corona es especialmente acondicionado para devolverle el mirar y funcionalidad de su sonrisa.<\/p>\n<h2>Blanqueamiento en Casa<\/h2>\n<p><a name=\"blanqueamiento\"><\/a>Si esta satisfecho con la alineaci\u00f3n y espacio de sus dientes, un procedimiento de blanqueamiento puede ser lo \u00fanico que lo separe de una sonrisa blanca y brillante.  El blanqueamiento es seguro, eficaz, y duradero. Su kit personalizado de blanqueamiento en casa incluye una f\u00e9rula hecho a medida para sus dientes. Adem\u00e1s, recibe gel blanqueador recetado, que es introducido en la f\u00e9rula antes de pon\u00e9rselo. Su dentista de East Charlotte Dental le proveer\u00e1 instrucciones detalladas sobre cuanto tiempo deber\u00eda ponerse la f\u00e9rula cada d\u00eda. Debe esperar que el proceso de blanqueamiento tome entre dos a cuatro semanas, dej\u00e1ndole con una sonrisa radiante.<\/p>\n<h2>Puentes<\/h2>\n<p><a name=\"puentes\"><\/a>Cuando faltan dientes , su sonrisa se somete a cambios dr\u00e1sticos. Dientes ausentes causan que mastique diferente, dolor, y mientras que sus dem\u00e1s dientes compensan por los que faltan, crea espacios, lo cual solo agrava la situaci\u00f3n.<\/p>\n<p>Un puente de porcelana, hecho a medida por su dentista en East Charlotte Dental, mantendr\u00e1 su sonrisa alineada y funcional. Los puentes son fijados a dientes o coronas que permanecen en uno de los lados de los dientes ausentes. Son semi-permanente lo cual significa que solo pueden ser fijados o removidos por su dentista y es una soluci\u00f3n de restauraci\u00f3n a largo plazo para su sonrisa da\u00f1ada.<\/p>\n<h2>Dentaduras<\/h2>\n<p><a name=\"dentaduras\"><\/a>Tras perder un diente, su confianza en si mismo puede disminuir y siente su apariencia transformada. Con dentaduras postizas, puede regresar a la vida normal. Ofreci\u00e9ndole solo lo mas avanzado,East Charlotte Dental le guiara en cada paso a la dentadura postiza mas adecuadas para usted.<\/p>\n<p>Nuestro equipo crea dentaduras hechas a medida para usted, ayud\u00e1ndole a seleccionar el tono\/color y determina el molde\/forma mas eficaz para usted. Se ir\u00eda con dentaduras ajustados que parecen a dientes aut\u00e9nticos. Sonriendo es solo el principio.<\/p>\n<h2>Parciales<\/h2>\n<p><a name=\"parciales\"><\/a>Los parciales se usa si le faltan varios dientes los cuales no se pueden corregir con un puente.<\/p>\n<p>Este tipo de dentadura esta hecho de material sint\u00e9tico y soportado por un metal liviano. Imita sus enc\u00edas y dientes para crear una sonrisa natural al permanecer funcional. El parcial es importante una vez que se extraen los dientes ya que preserva su hueso, previniendo los dem\u00e1s dientes a inclinarse y desviarse hacia los espacios.<\/p>\n<p><\/p>","protected":false},"excerpt":{"rendered":"<p>Puede ser que ahora su sonrisa no sea tan brillante como uno quisiera. Tras anos de desgaste, heridas, o descuido la apariencia y funci\u00f3n de sus dientes pueden da\u00f1arse. Su equipo de East Charlotte Dental cambia vidas cada d\u00eda mediante odontolog\u00eda restaurativa. Perm\u00edtenos rejuvenecer su sonrisa hoy! Rellenos Cosm\u00e9ticos Cuando la carie es removido del&#8230;  <a class=\"excerpt-read-more\" href=\"https:\/\/www.eastcharlottedental.com\/es\/servicios\/servicios-restauracion-dental\/\" title=\"ReadServicios de Restauraci\u00f3n Dental\">Read more &raquo;<\/a><\/p>\n","protected":false},"author":1,"featured_media":0,"parent":83,"menu_order":0,"comment_status":"closed","ping_status":"closed","template":"page-default.php","meta":{"footnotes":""},"class_list":["post-175","page","type-page","status-publish","hentry"],"_links":{"self":[{"href":"https:\/\/www.eastcharlottedental.com\/es\/wp-json\/wp\/v2\/pages\/175\/"}],"collection":[{"href":"https:\/\/www.eastcharlottedental.com\/es\/wp-json\/wp\/v2\/pages\/"}],"about":[{"href":"https:\/\/www.eastcharlottedental.com\/es\/wp-json\/wp\/v2\/types\/page\/"}],"author":[{"embeddable":true,"href":"https:\/\/www.eastcharlottedental.com\/es\/wp-json\/wp\/v2\/users\/1\/"}],"replies":[{"embeddable":true,"href":"https:\/\/www.eastcharlottedental.com\/es\/wp-json\/wp\/v2\/comments\/?post=175"}],"version-history":[{"count":5,"href":"https:\/\/www.eastcharlottedental.com\/es\/wp-json\/wp\/v2\/pages\/175\/revisions\/"}],"predecessor-version":[{"id":287,"href":"https:\/\/www.eastcharlottedental.com\/es\/wp-json\/wp\/v2\/pages\/175\/revisions\/287\/"}],"up":[{"embeddable":true,"href":"https:\/\/www.eastcharlottedental.com\/es\/wp-json\/wp\/v2\/pages\/83\/"}],"wp:attachment":[{"href":"https:\/\/www.eastcharlottedental.com\/es\/wp-json\/wp\/v2\/media\/?parent=175"}],"curies":[{"name":"wp","href":"https:\/\/api.w.org\/{rel}","templated":true}]}}