{"id":173,"date":"2014-03-31T10:20:14","date_gmt":"2014-03-31T14:20:14","guid":{"rendered":"http:\/\/www.eastcharlottedental.com\/?page_id=173"},"modified":"2015-01-26T17:36:54","modified_gmt":"2015-01-26T22:36:54","slug":"servicios-generales","status":"publish","type":"page","link":"https:\/\/www.eastcharlottedental.com\/es\/servicios\/servicios-generales\/","title":{"rendered":"Servicios Generales"},"content":{"rendered":"<p>La mayor parte de las condiciones que afectan negativamente a su sonrisa puede evitarse con un cuidado regular. Su equipo en la East Charlotte Dental se compromete a responder a sus preguntas acerca de la higiene adecuada y que usted recibe la odontolog\u00eda preventiva m\u00e1s avanzada.<\/p>\n<h2><a name=\"rellenos\"><\/a>Rellenos<\/h2>\n<p>Cuando la carie ha sido removido del diente, se sustituye con el material de &#8220;relleno&#8221;. En el pasado se usaba rellenos de plata en la porci\u00f3n limpiado del diente. Con el progreso de la odontolog\u00eda uno ahora puede tener rellenos del color del diente de uno. Llamado rellenos cosm\u00e9ticos. Estos rellenos coinciden con el color de su diente y hacen mirada como si nunca se ha llenado.<\/p>\n<h2><a name=\"limpieza\"><\/a>Limpieza de los Dientes<\/h2>\n<p>Se recomienda una limpieza dental cada seis meses para prevenir la aparici\u00f3n de la enfermedad de las enc\u00edas. Las manchas feas y el sarro que afectan su sonrisa se eliminar\u00e1n c\u00f3modamente. Si uno percibe un mal aliento, podr\u00eda ser debido a la necesidad de una limpieza completa de los dientes.<\/p>\n<h2><a name=\"coronas-puentes\"><\/a>Coronas y Puentes<\/h2>\n<p>Cuando un diente se ha quebrado o se ha rellenado en varias ocasiones, es posible que necesite una restauraci\u00f3n fuerte, llamada una corona, mas bien que un relleno de rutina. La corona protege todo el diente de romper de nuevo. Una corona que coincida con el color de nuestros dientes existentes o una corona de oro es posible. Usted y su m\u00e9dico decidir\u00e1n la mejor opci\u00f3n para usted.<\/p>\n<h2><a name=\"extracci\u00f3n\"><\/a>Extracci\u00f3n de Diente<\/h2>\n<p>Se hace todo esfuerzo para mantener todos sus dientes, como la mejor solucion preferida. En el caso que no se pueda salvar un diente, una extraccion puede ser recomendada. Si es decidido que necesitara una extraccion, nos aseguraremos que la area este completamente adormecido asi no sentira ningun dolor. Su comodidad  es nuestra prioridad.<\/p>\n<h2><a name=\"f\u00e9rula\"><\/a>F\u00e9rula de Relajaci\u00f3n<\/h2>\n<p>Muchos individuos rechinan los dientes mientras duermen, una condici\u00f3n llamada Bruxismo. Esta no solo da\u00f1a los dientes tambi\u00e9n causa dolores de cabeza, tensi\u00f3n en cuello, los hombros, roncar y dificultad en respirar. Para solucionar esta problema. Es una pieza flexible que el Dentista introduce en la boca para alinear sus dientes con su mand\u00edbula los m\u00fasculos del cuello, cara, y pueden relajarse, protegiendo sus dientes y mand\u00edbula mientras duerme.<\/p>\n<h2><a name=\"tratamiento-conducto\"><\/a>Tratamiento de Conducto<\/h2>\n<p>Da\u00f1o al nervio dentro del diente a veces requiere un tratamiento de conducto. A pesar de lo que probablemente ha escuchado, la mayor\u00eda de tratamientos de conducto se hacen con la menor incomodidad posible, especialmente comparado al dolor e incomodidad que puede sentir antes del procedimiento. Su dentista en East Charlotte Dental aprovechara avances tecnol\u00f3gicos y t\u00e9cnicas dentales para hacer su procedimiento r\u00e1pido y mas eficiente. Un tratamiento de conducto implica remover el tejido suave dentro del diente-la pulpa-cuando esta infectada o inflamada. Su dentista cuidadosamente saca el tejido infectado del conducto del ra\u00edz( de ah\u00ed viene el nombre del procedimiento) y rellena el vac\u00edo con un material. El procedimiento se finaliza con un relleno o en algunos casos, una corona.<\/p>\n<h2><a name=\"terapia-periodontal\"><\/a>Terapia Periodontal<\/h2>\n<p>Odontolog\u00eda periodontal se refiere al cuidado de las enc\u00edas y estructura de hueso que apoya sus dientes. Sin un fundamento saludable, su habilidad de permanecer con sus dientes toda su vida esta en riesgo. Ir\u00f3nicamente, esta rama de Odontolog\u00eda  es la menos reconocida. Y a pesar de su importancia, muchos descuidamos nuestras enc\u00edas sin darnos cuenta.<\/p>\n<p>Podemos asegurar la salud de sus enc\u00edas y estructuras de soporte en East Charlotte Dental. Nuestro programa avanzada en Terapia Periodontal no solo contribuir\u00e1 a restablecer sus enc\u00edas y prevenir futuros problemas.<\/p>\n<p><\/p>","protected":false},"excerpt":{"rendered":"<p>La mayor parte de las condiciones que afectan negativamente a su sonrisa puede evitarse con un cuidado regular. Su equipo en la East Charlotte Dental se compromete a responder a sus preguntas acerca de la higiene adecuada y que usted recibe la odontolog\u00eda preventiva m\u00e1s avanzada. Rellenos Cuando la carie ha sido removido del diente,&#8230;  <a class=\"excerpt-read-more\" href=\"https:\/\/www.eastcharlottedental.com\/es\/servicios\/servicios-generales\/\" title=\"ReadServicios Generales\">Read more &raquo;<\/a><\/p>\n","protected":false},"author":1,"featured_media":0,"parent":83,"menu_order":0,"comment_status":"closed","ping_status":"closed","template":"page-default.php","meta":{"footnotes":""},"class_list":["post-173","page","type-page","status-publish","hentry"],"_links":{"self":[{"href":"https:\/\/www.eastcharlottedental.com\/es\/wp-json\/wp\/v2\/pages\/173\/"}],"collection":[{"href":"https:\/\/www.eastcharlottedental.com\/es\/wp-json\/wp\/v2\/pages\/"}],"about":[{"href":"https:\/\/www.eastcharlottedental.com\/es\/wp-json\/wp\/v2\/types\/page\/"}],"author":[{"embeddable":true,"href":"https:\/\/www.eastcharlottedental.com\/es\/wp-json\/wp\/v2\/users\/1\/"}],"replies":[{"embeddable":true,"href":"https:\/\/www.eastcharlottedental.com\/es\/wp-json\/wp\/v2\/comments\/?post=173"}],"version-history":[{"count":4,"href":"https:\/\/www.eastcharlottedental.com\/es\/wp-json\/wp\/v2\/pages\/173\/revisions\/"}],"predecessor-version":[{"id":286,"href":"https:\/\/www.eastcharlottedental.com\/es\/wp-json\/wp\/v2\/pages\/173\/revisions\/286\/"}],"up":[{"embeddable":true,"href":"https:\/\/www.eastcharlottedental.com\/es\/wp-json\/wp\/v2\/pages\/83\/"}],"wp:attachment":[{"href":"https:\/\/www.eastcharlottedental.com\/es\/wp-json\/wp\/v2\/media\/?parent=173"}],"curies":[{"name":"wp","href":"https:\/\/api.w.org\/{rel}","templated":true}]}}